{"id":10,"date":"2026-04-23T18:25:05","date_gmt":"2026-04-23T18:25:05","guid":{"rendered":"https:\/\/woodworktheinikangas.fi\/?page_id=10"},"modified":"2026-04-23T19:04:48","modified_gmt":"2026-04-23T19:04:48","slug":"puunkaadot-arboristityot-ja-puusepantyot","status":"publish","type":"page","link":"https:\/\/woodworktheinikangas.fi\/?page_id=10","title":{"rendered":"Puunkaadot, arboristity\u00f6t ja puusep\u00e4nty\u00f6t"},"content":{"rendered":"\n<p>Turvalliset puunkaadot,kantojyrsinn\u00e4t ja puusep\u00e4nty\u00f6t mittatilauksena Satakunnan alueella,<\/p>\n\n\n\n<p>040 5781228<\/p>\n\n\n\n<h2 class=\"wp-block-heading\">Palvelut<\/h2>\n\n\n\n<h2 class=\"wp-block-heading\">Puunkaadot &amp; arboristity\u00f6t<\/h2>\n\n\n\n<ul class=\"wp-block-list\">\n<li>Vaativat puunkaadot<\/li>\n\n\n\n<li>Ongelmapuiden poisto<\/li>\n\n\n\n<li>Kiipeily-ja nostoty\u00f6t<\/li>\n\n\n\n<li>Kantojyrsint\u00e4<\/li>\n<\/ul>\n\n\n\n<p><\/p>\n\n\n\n<p><\/p>\n\n\n\n<h2 class=\"wp-block-heading\">Puusep\u00e4nty\u00f6t<\/h2>\n\n\n\n<ul class=\"wp-block-list\">\n<li>Puusep\u00e4nty\u00f6t mittatilauksena<\/li>\n\n\n\n<li>Massiivipuup\u00f6yd\u00e4t ja -s\u00e4ngyt<\/li>\n\n\n\n<li>Leikkuulaudat ja leivinlaudat<\/li>\n\n\n\n<li>Erikoisty\u00f6t<\/li>\n<\/ul>\n\n\n\n<p>Laadukasta k\u00e4sity\u00f6t\u00e4 kotimaisesta puusta.<\/p>\n\n\n\n<p><\/p>\n\n\n\n<p><\/p>\n\n\n\n<h2 class=\"wp-block-heading\">Ota yhteytt\u00e4<\/h2>\n\n\n\n<p>Tarvitsetko puunkaatoa, arboristity\u00f6t\u00e4 tai puusep\u00e4nty\u00f6t\u00e4?<\/p>\n\n\n\n<p><strong>0405781228<\/strong><\/p>\n\n\n\n<p>woodworkt.heinikangas@gmail.com<\/p>\n\n\n\n<p>Toiminta-alue: Satakunta-Eurajoki, Rauma ja l\u00e4hialueet.<\/p>\n\n\n\n<p><\/p>\n","protected":false},"excerpt":{"rendered":"<p>Turvalliset puunkaadot,kantojyrsinn\u00e4t ja puusep\u00e4nty\u00f6t mittatilauksena Satakunnan alueella, 040 5781228 Palvelut Puunkaadot &amp; arboristity\u00f6t Puusep\u00e4nty\u00f6t Laadukasta k\u00e4sity\u00f6t\u00e4 kotimaisesta puusta. Ota yhteytt\u00e4 [&hellip;]<\/p>\n","protected":false},"author":1,"featured_media":0,"parent":0,"menu_order":0,"comment_status":"closed","ping_status":"closed","template":"","meta":{"site-sidebar-layout":"default","site-content-layout":"","ast-site-content-layout":"default","site-content-style":"default","site-sidebar-style":"default","ast-global-header-display":"","ast-banner-title-visibility":"","ast-main-header-display":"","ast-hfb-above-header-display":"","ast-hfb-below-header-display":"","ast-hfb-mobile-header-display":"","site-post-title":"","ast-breadcrumbs-content":"","ast-featured-img":"","footer-sml-layout":"","ast-disable-related-posts":"","theme-transparent-header-meta":"","adv-header-id-meta":"","stick-header-meta":"","header-above-stick-meta":"","header-main-stick-meta":"","header-below-stick-meta":"","astra-migrate-meta-layouts":"default","ast-page-background-enabled":"default","ast-page-background-meta":{"desktop":{"background-color":"var(--ast-global-color-5)","background-image":"","background-repeat":"repeat","background-position":"center center","background-size":"auto","background-attachment":"scroll","background-type":"","background-media":"","overlay-type":"","overlay-color":"","overlay-opacity":"","overlay-gradient":""},"tablet":{"background-color":"","background-image":"","background-repeat":"repeat","background-position":"center center","background-size":"auto","background-attachment":"scroll","background-type":"","background-media":"","overlay-type":"","overlay-color":"","overlay-opacity":"","overlay-gradient":""},"mobile":{"background-color":"","background-image":"","background-repeat":"repeat","background-position":"center center","background-size":"auto","background-attachment":"scroll","background-type":"","background-media":"","overlay-type":"","overlay-color":"","overlay-opacity":"","overlay-gradient":""}},"ast-content-background-meta":{"desktop":{"background-color":"var(--ast-global-color-4)","background-image":"","background-repeat":"repeat","background-position":"center center","background-size":"auto","background-attachment":"scroll","background-type":"","background-media":"","overlay-type":"","overlay-color":"","overlay-opacity":"","overlay-gradient":""},"tablet":{"background-color":"var(--ast-global-color-4)","background-image":"","background-repeat":"repeat","background-position":"center center","background-size":"auto","background-attachment":"scroll","background-type":"","background-media":"","overlay-type":"","overlay-color":"","overlay-opacity":"","overlay-gradient":""},"mobile":{"background-color":"var(--ast-global-color-4)","background-image":"","background-repeat":"repeat","background-position":"center center","background-size":"auto","background-attachment":"scroll","background-type":"","background-media":"","overlay-type":"","overlay-color":"","overlay-opacity":"","overlay-gradient":""}},"footnotes":""},"class_list":["post-10","page","type-page","status-publish","hentry"],"_links":{"self":[{"href":"https:\/\/woodworktheinikangas.fi\/index.php?rest_route=\/wp\/v2\/pages\/10","targetHints":{"allow":["GET"]}}],"collection":[{"href":"https:\/\/woodworktheinikangas.fi\/index.php?rest_route=\/wp\/v2\/pages"}],"about":[{"href":"https:\/\/woodworktheinikangas.fi\/index.php?rest_route=\/wp\/v2\/types\/page"}],"author":[{"embeddable":true,"href":"https:\/\/woodworktheinikangas.fi\/index.php?rest_route=\/wp\/v2\/users\/1"}],"replies":[{"embeddable":true,"href":"https:\/\/woodworktheinikangas.fi\/index.php?rest_route=%2Fwp%2Fv2%2Fcomments&post=10"}],"version-history":[{"count":4,"href":"https:\/\/woodworktheinikangas.fi\/index.php?rest_route=\/wp\/v2\/pages\/10\/revisions"}],"predecessor-version":[{"id":12,"href":"https:\/\/woodworktheinikangas.fi\/index.php?rest_route=\/wp\/v2\/pages\/10\/revisions\/12"}],"wp:attachment":[{"href":"https:\/\/woodworktheinikangas.fi\/index.php?rest_route=%2Fwp%2Fv2%2Fmedia&parent=10"}],"curies":[{"name":"wp","href":"https:\/\/api.w.org\/{rel}","templated":true}]}}